{"id":3,"date":"2021-11-15T21:26:28","date_gmt":"2021-11-15T20:26:28","guid":{"rendered":"https:\/\/melodybags.com\/?page_id=3"},"modified":"2024-12-30T13:37:01","modified_gmt":"2024-12-30T12:37:01","slug":"polityka-prywatnosci","status":"publish","type":"page","link":"https:\/\/melodybags.com\/en\/polityka-prywatnosci\/","title":{"rendered":"Privacy policy"},"content":{"rendered":"<div data-elementor-type=\"wp-page\" data-elementor-id=\"3\" class=\"elementor elementor-3\" wpc-filter-elementor-widget=\"1\">\n\t\t\t\t\t\t<section class=\"elementor-section elementor-top-section elementor-element elementor-element-28c6384e elementor-section-boxed elementor-section-height-default elementor-section-height-default\" data-id=\"28c6384e\" data-element_type=\"section\" data-e-type=\"section\">\n\t\t\t\t\t\t<div class=\"elementor-container elementor-column-gap-default\">\n\t\t\t\t\t<div class=\"elementor-column elementor-col-100 elementor-top-column elementor-element elementor-element-384a1c6b\" data-id=\"384a1c6b\" data-element_type=\"column\" data-e-type=\"column\">\n\t\t\t<div class=\"elementor-widget-wrap elementor-element-populated\">\n\t\t\t\t\t\t<div class=\"elementor-element elementor-element-1a46b9e4 elementor-widget elementor-widget-text-editor\" data-id=\"1a46b9e4\" data-element_type=\"widget\" data-e-type=\"widget\" data-widget_type=\"text-editor.default\">\n\t\t\t\t<div class=\"elementor-widget-container\">\n\t\t\t\t\t\t\t\t\t\n<h1 class=\"wp-block-heading\">Privacy policy<\/h1>\n<h2>\u00a0<\/h2>\n<h2>Drodzy Pa\u0144stwo,<\/h2>\n<p>\u00a0<\/p>\n<p>Zachowanie prywatno\u015bci przez naszych Klient\u00f3w to dla nas priorytet, dlatego przygotowali\u015bmy dla Pa\u0144stwa niniejsz\u0105 polityk\u0119, w kt\u00f3rej znajduj\u0105 si\u0119 zasady przetwarzania danych osobowych oraz wykorzystywania plik\u00f3w cookies i innych technologii \u015bledz\u0105cych w zwi\u0105zku z korzystaniem z naszej strony internetowej dost\u0119pnej pod adresem:www.melodybags.com(dalej: Strona).<\/p>\n<p><br \/>W przypadku jakichkolwiek w\u0105tpliwo\u015bci, pyta\u0144 zwi\u0105zanych z polityk\u0105 prywatno\u015bci, w ka\u017cdej chwili mo\u017cesz skontaktowa\u0107 si\u0119 z nami, wysy\u0142aj\u0105c wiadomo\u015b\u0107 na adres:info@melodybags.com<\/p>\n<p><br \/>Zawieraj\u0105c z nami umow\u0119, kontaktuj\u0105c si\u0119 z nami, zapisuj\u0105c si\u0119 na newsletter, przekazujecie nam Pa\u0144stwo swoje dane osobowe, a my zapewniamy, \u017ce Pa\u0144stwa dane pozostan\u0105 poufne, bezpieczne i nie zostan\u0105 udost\u0119pnione jakimkolwiek podmiotom trzecim bez Pa\u0144stwa zgody.<\/p>\n<p>\u00a0<\/p>\n<h2>Dane osobowe<\/h2>\n<p><br \/>administratorem Pa\u0144stwa danych osobowych w rozumieniu przepis\u00f3w o ochronie danych osobowych jest firma \u0141ukasz Kurzawski \u201eRecArt\u201d , os. U\u0142a\u0144skie 42, 62-020 Zalasewo, wpisana do Centralnej Ewidencji i Informacji o Dzia\u0142alno\u015bci Gospodarczej pod numerem NIP 8512769328, REGON 300784021.<\/p>\n<p><br \/>W zwi\u0105zku z przetwarzaniem przez nas Twoich danych osobowych, przys\u0142uguj\u0105 Ci nast\u0119puj\u0105ce uprawnienia:<\/p>\n<ol>\n<li>prawo do \u017c\u0105dania dost\u0119pu do swoich danych osobowych, ich sprostowania, usuni\u0119cia lub ograniczenia przetwarzania,<\/li>\n<li>prawo do wniesienia sprzeciwu wobec przetwarzania,<\/li>\n<li>prawo do przenoszenia danych,<\/li>\n<li>prawo do cofni\u0119cia zgody na przetwarzanie danych osobowych w okre\u015blonym celu, je\u017celi uprzednio wyrazi\u0142e\u015b tak\u0105 zgod\u0119,<\/li>\n<li>prawo do wniesienia skargi do organu nadzorczego w zwi\u0105zku z przetwarzaniem przez nas danych osobowych.<\/li>\n<\/ol>\n<p>Wymienione powy\u017cej uprawnienia mo\u017cesz realizowa\u0107 zgodnie z zasadami opisanymi w art. 16 \u2013 21 RODO, kontaktuj\u0105c si\u0119 z nami pod adresem: info@melodybags.com<\/p>\n<p><br \/>Mo\u017cliwe, i\u017c odm\u00f3wimy Pa\u0144stwu realizacji niekt\u00f3rych uprawnie\u0144 spo\u015br\u00f3d wskazanych powy\u017cej w sytuacji, w kt\u00f3rej realizacja danego uprawnienia by\u0142aby w sprzeczno\u015bci z uzasadnionym celem przetwarzania przez nas danych.<\/p>\n<p>Przyk\u0142adowo, mo\u017cemy odm\u00f3wi\u0107 Pa\u0144stwu usuni\u0119cia danych osobowych zawartych w z\u0142o\u017conym przez Pa\u0144stwo zam\u00f3wieniu na us\u0142ug\u0119 do czasu up\u0142ywu terminu przedawnienia roszcze\u0144 z tytu\u0142u zawartej z nami umowy.<\/p>\n<p><br \/>Podanie przez Pa\u0144stwa danych osobowych jest zawsze dobrowolne, ale niezb\u0119dne, by, z\u0142o\u017cy\u0107 zam\u00f3wienie, zapisa\u0107 si\u0119 na newsletter, skontaktowa\u0107 z nami odst\u0105pi\u0107 od umowy lub z\u0142o\u017cy\u0107 reklamacj\u0119.<\/p>\n<p>Zapewniamy standardy zachowania ca\u0142kowitej poufno\u015b\u0107 i bezpiecze\u0144stwa wszelkich przekazanych nam danych osobowych. Gwarantujemy, i\u017c gromadzenie przez nas danych osobowych odbywa si\u0119 z nale\u017cyt\u0105 staranno\u015bci\u0105 i odpowiedni\u0105 ochron\u0105 przed dost\u0119pem do nich przez osoby do tego nieupowa\u017cnione. Dane osobowe przetwarzane s\u0105 wy\u0142\u0105cznie na terytorium Unii Europejskiej.<\/p>\n<p>\u00a0<\/p>\n<h2>Odbiorcy danych w Serwisie internetowym<\/h2>\n<p>\u00a0<\/p>\n<p>Dla prawid\u0142owego funkcjonowania Portalu w tym dla realizacji oferowanych przez nas us\u0142ug konieczne jest korzystanie przez nas z pomocy podmiot\u00f3w zewn\u0119trznych (takich jak np. dostawca oprogramowania, firma informatyczna, biuro rachunkowo-ksi\u0119gowe, kancelaria prawna).<\/p>\n<p><br \/>Przekazanie danych nie nast\u0119puje w ka\u017cdym wypadku i nie do wszystkich wskazanych w Polityce Prywatno\u015bci odbiorc\u00f3w albowiem nast\u0119puje to wy\u0142\u0105cznie wtedy, gdy jest to niezb\u0119dne do realizacji danego celu przetwarzania danych osobowych i tylko w zakresie niezb\u0119dnym do jego zrealizowania.<\/p>\n<p><br \/>Mo\u017cliwe jest, i\u017c w ramach realizacji zawartej umowy zajdzie potrzeba np. realizacji us\u0142ugi z u\u017cyciem us\u0142ug innych podmiot\u00f3w\u2013 zostaniecie o tym Pa\u0144stwo powiadomieni.<\/p>\n<p><br \/>Podmioty, z kt\u00f3rymi wsp\u00f3\u0142pracujemy gwarantuj\u0105 stosowanie odpowiednich \u015brodk\u00f3w ochrony i bezpiecze\u0144stwa danych osobowych wymaganych przez przepisy prawa.<\/p>\n<p><br \/>W ramach prowadzonej dzia\u0142alno\u015bci korzystamy z us\u0142ug Google, Facebook oraz Instagram \u2013 dlatego te\u017c Pa\u0144stwa dane mog\u0105 by\u0107 przekazywane do Stan\u00f3w Zjednoczonych Ameryki (USA) w zwi\u0105zku z ich przechowywaniem na ameryka\u0144skich serwerach. Wskazujemy, i\u017c Google oraz Facebook, przyst\u0105pili do programu Privacy Shield i w ten spos\u00f3b gwarantuj\u0105 odpowiedni poziom ochrony danych osobowych wymagany przez przepisy europejskie.<\/p>\n<p>\u00a0<\/p>\n<h2>Realizacja us\u0142ug<\/h2>\n<p>\u00a0<\/p>\n<p>Sk\u0142adaj\u0105c zam\u00f3wienie na nasze us\u0142ugi, musz\u0105 poda\u0107 Pa\u0144stwo swoje dane osobowe niezb\u0119dne do realizacji us\u0142ugi, tj. imi\u0119 i nazwisko, adres e-mail, numer telefonu. Mo\u017cna r\u00f3wnie\u017c poda\u0107 dodatkowe dane, np. informacje o prowadzonej dzia\u0142alno\u015bci gospodarczej, preferowany j\u0119zyk, stanowisko.<\/p>\n<p><br \/>Podstaw\u0105 prawn\u0105 przetwarzania Pa\u0144stwa danych osobowych zawartych w zam\u00f3wieniu jest wykonanie umowy sprzeda\u017cy us\u0142ugi, kt\u00f3r\u0105 Pa\u0144stwo z nami zawieracie.<\/p>\n<p><br \/>Dane podane w formularzu zam\u00f3wienia zostan\u0105 zapisane w naszej bazie i b\u0119d\u0105 w niej przechowywane do czasu przedawnienia roszcze\u0144 z tytu\u0142u zawartej za po\u015brednictwem Portalu umowy sprzeda\u017cy. Ka\u017cde zam\u00f3wienie odnotowywane jest jako odr\u0119bna pozycja w bazie.<\/p>\n<p>\u00a0<\/p>\n<h2>Faktury<\/h2>\n<p>\u00a0<\/p>\n<p>Je\u017celi w zwi\u0105zku z nasz\u0105 wsp\u00f3\u0142prac\u0105 &#8211; z\u0142o\u017conym zam\u00f3wieniem, wystawiamy Pa\u0144stwu faktur\u0119, to w tym celu przetwarzamy Pa\u0144stwa dane osobowe w zakresie niezb\u0119dnym do wystawienia faktury. Podstaw\u0105 prawn\u0105 przetwarzania Pa\u0144stwa danych w tym przypadku jest wype\u0142nienie prawnego obowi\u0105zku wystawienia faktury. Ponadto, wszystkie wystawione faktury uwzgl\u0119dniane s\u0105 w dokumentacji ksi\u0119gowej, co oznacza, i\u017c Pa\u0144stwa dane b\u0119d\u0105 przetwarzane w ramach tej dokumentacji przez okres czasu wymagany przez przepisy prawa.<\/p>\n<p>\u00a0<\/p>\n<h2>Kontakt e-mailowy<\/h2>\n<p>\u00a0<\/p>\n<p>W przypadku kontaktu za po\u015brednictwem poczty elektronicznej, przekazujecie nam Pa\u0144stwo sw\u00f3j adres e-mail jako adres nadawcy wiadomo\u015bci. Ponadto, w tre\u015bci wiadomo\u015bci mo\u017cecie Pa\u0144stwo zawrze\u0107 r\u00f3wnie\u017c inne dane osobowe.<\/p>\n<p><br \/>Podstaw\u0105 prawn\u0105 przetwarzania danych osobowych w takim przypadku jest Pa\u0144stwa zgoda wynikaj\u0105ca z zainicjowania z nami kontaktu.<\/p>\n<p><br \/>Pa\u0144stwa dane osobowe przekazywane nam w ramach kontaktu e-mailowego przetwarzane s\u0105 wy\u0142\u0105cznie w celu obs\u0142ugi zapytania. Tre\u015b\u0107 korespondencji mo\u017ce podlega\u0107 archiwizacji.<\/p>\n<p>\u00a0<\/p>\n<h2>Newsletter<\/h2>\n<p>\u00a0<\/p>\n<p>Za po\u015brednictwem Portalu mo\u017cecie Pa\u0144stwo zapisa\u0107 si\u0119 do naszego newslettera zawieraj\u0105cego informacje o nowo\u015bciach, kt\u00f3re oferujemy, o promocjach oraz o eventach, w kt\u00f3rych bierzemy udzia\u0142. W celu przesy\u0142ania newslettera, przetwarzane s\u0105 Pa\u0144stwa dane osobowe w zakresie adresu e-mail oraz aktywno\u015bci na stronie. Podstaw\u0105 prawn\u0105 przetwarzania Pa\u0144stwa danych osobowych w przypadku newslettera jest Pa\u0144stwa zgoda wyra\u017cona poprzez zaznaczenie stosownej tre\u015bci checkboxa przy zapisywaniu si\u0119 do newslettera. Tak\u0105 zgod\u0119 mo\u017cesz w ka\u017cdej chwili wycofa\u0107, rezygnuj\u0105c z otrzymywania newslettera.<\/p>\n<p>\u00a0<\/p>\n<h2>Pliki cookies<\/h2>\n<p>\u00a0<\/p>\n<p>Nasza Strona wykorzystuje pliki cookies, by zapewni\u0107 Pa\u0144stwu najlepsze korzystanie z jego zasob\u00f3w.<\/p>\n<p><br \/>Cookies to niewielkie informacje tekstowe, przechowywane na Pa\u0144stwa urz\u0105dzeniu ko\u0144cowym (np. komputerze, tablecie, smartfonie), kt\u00f3re mog\u0105 by\u0107 odczytywane przez nasz system teleinformatyczny.<\/p>\n<p><br \/>Cookies pozwalaj\u0105 nam m.in.:<\/p>\n<ol>\n<li>zapewni\u0107 prawid\u0142owe funkcjonowanie naszego Portalu,<\/li>\n<li>pami\u0119ta\u0107 Pa\u0144stwa ustawienia podczas i pomi\u0119dzy wizytami na naszej stronie internetowej,<\/li>\n<li>poprawi\u0107 szybko\u015b\u0107 i bezpiecze\u0144stwo korzystania ze strony internetowej,<\/li>\n<li>ulepsza\u0107 funkcje dost\u0119pne dla Pa\u0144stwa na naszej stronie internetowej,<br \/>korzysta\u0107 z narz\u0119dzi marketingowych,<\/li>\n<li>umo\u017cliwia\u0107 Pa\u0144stwu udost\u0119pnianie tre\u015bci w serwisach spo\u0142eczno\u015bciowych,<\/li>\n<li>umo\u017cliwia\u0107 Pa\u0144stwu odtwarzanie tre\u015bci pochodz\u0105cych z serwis\u00f3w zewn\u0119trznych,<\/li>\n<li>kierowa\u0107 do Pa\u0144stwa spersonalizowane reklamy.<\/li>\n<\/ol>\n<p>\u00a0<\/p>\n<h2>Zgoda na cookies<\/h2>\n<p>\u00a0<\/p>\n<p>Podczas pierwszej wizyty w naszym Portalu wy\u015bwietlana jest informacja na temat stosowania plik\u00f3w cookies. Zaakceptowanie i zamkni\u0119cie tej informacji oznacza, \u017ce wyra\u017cacie Pa\u0144stwo zgod\u0119 na wykorzystywanie plik\u00f3w cookies zgodnie z postanowieniami niniejszej polityki prywatno\u015bci. Zgod\u0119 zawsze mo\u017cna wycofa\u0107, usuwaj\u0105c pliki cookies oraz zmieniaj\u0105c ustawienia plik\u00f3w cookies w Pa\u0144stwa przegl\u0105darce. Prosz\u0119 jednak pami\u0119ta\u0107, \u017ce wy\u0142\u0105czenie plik\u00f3w cookies mo\u017ce powodowa\u0107 trudno\u015bci w korzystaniu z serwisu, jak r\u00f3wnie\u017c z wielu innych stron internetowych, kt\u00f3re stosuj\u0105 cookies.<\/p>\n<p>\u00a0<\/p>\n<h3>Stosowanie plik\u00f3w cookies<\/h3>\n<p>Pliki cookies mo\u017cna podzieli\u0107 na w\u0142asne oraz pochodz\u0105ce od podmiot\u00f3w trzecich.<\/p>\n<h3>Cookies w\u0142asne<\/h3>\n<p>Je\u017celi chodzi o cookies w\u0142asne, wykorzystujemy je w celu prawid\u0142owego dzia\u0142ania naszej strony internetowej, a w szczeg\u00f3lno\u015bci w nast\u0119puj\u0105cych celach:<br \/>konfiguracji serwisu,<br \/>optymalizacji i zwi\u0119kszenia wydajno\u015bci us\u0142ug przez nas \u015bwiadczonych,<br \/>realizacji proces\u00f3w niezb\u0119dnych dla pe\u0142nej funkcjonalno\u015bci serwisu internetowego ,<br \/>zapewnienia bezpiecze\u0144stwa i niezawodno\u015bci serwisu.<\/p>\n<h3>Cookies podmiot\u00f3w trzecich<\/h3>\n<p>Nasz Portal podobnie jak wi\u0119kszo\u015b\u0107 wsp\u00f3\u0142czesnych stron internetowych, wykorzystuje funkcje udost\u0119pniane przez serwisy zewn\u0119trzne, takie jak Facebook czy Instagram.<\/p>\n<p><br \/>Korzystanie z widgetu pozwalaj\u0105cego na udost\u0119pnianie tre\u015bci w serwisach spo\u0142eczno\u015bciowych, \u0142\u0105czy si\u0119 z akceptacj\u0105 plik\u00f3w cookies Facebooka i innych serwis\u00f3w spo\u0142eczno\u015bciowych.<\/p>\n<p><br \/>Cookies podmiot\u00f3w trzecich wykorzystywane s\u0105 r\u00f3wnie\u017c w ramach marketingu oraz w ramach dzia\u0142a\u0144 statystycznych.<\/p>\n<h3>Cookie wykorzystywane w celach statystycznych<\/h3>\n<p>Wykorzystujemy cookies do \u015bledzenia statystyk naszego serwisu, takich jak liczba os\u00f3b odwiedzaj\u0105cych, rodzaj systemu operacyjnego i przegl\u0105darki internetowej wykorzystywanej do przegl\u0105dania strony internetowej czas sp\u0119dzony w serwisie, odwiedzone podstrony itd. Korzystamy w tym zakresie z Google Analytics. Zbierane w tym zakresie informacje s\u0105 ca\u0142kowicie anonimowe i nie pozwalaj\u0105 na Pa\u0144stwa identyfikacj\u0119.<\/p>\n<h3>Cookies Marketingowe<\/h3>\n<p>Wykorzystujemy cookies w celu prowadzenia dzia\u0142a\u0144 remarketingowych polegaj\u0105cych na prezentowaniu Pa\u0144stwu reklam zach\u0119caj\u0105cych do powrotu do Portalu. Wykorzystujemy r\u00f3wnie\u017c Pixel Facebooka, by m\u00f3c kierowa\u0107 do Ciebie reklamy w serwisie Facebook.<\/p>\n<h3>Logi Serwera<\/h3>\n<p>Korzystanie z naszego Portalu wi\u0105\u017ce si\u0119 z przesy\u0142aniem zapyta\u0144 do serwera, na kt\u00f3rym jest on przechowywany. Ka\u017cde zapytanie skierowane do serwera zapisywane jest w logach serwera.<\/p>\n<p><br \/>Logi obejmuj\u0105 m.in. Pa\u0144stwa adres IP, dat\u0119 i czas serwera, informacje o przegl\u0105darce internetowej i systemie operacyjnym z jakiego Pa\u0144stwo korzystacie. Logi zapisywane i przechowywane s\u0105 na serwerze.<\/p>\n<p>Dane zapisane w logach serwera nie s\u0105 kojarzone z konkretnymi osobami korzystaj\u0105cymi ze serwisu i nie s\u0105 wykorzystywane przez nas w celu Pa\u0144stwa identyfikacji.<\/p>\n<p><br \/>Logi serwera stanowi\u0105 wy\u0142\u0105cznie materia\u0142 pomocniczy s\u0142u\u017c\u0105cy do administrowania serwisem a ich zawarto\u015b\u0107 nie jest ujawniana nikomu poza osobami upowa\u017cnionymi do administrowania serwerem.<\/p>\n<p>\u00a0<\/p>\n\t\t\t\t\t\t\t\t<\/div>\n\t\t\t\t<\/div>\n\t\t\t\t\t<\/div>\n\t\t<\/div>\n\t\t\t\t\t<\/div>\n\t\t<\/section>\n\t\t\t\t<\/div>","protected":false},"excerpt":{"rendered":"<p>Polityka prywatno\u015bci \u00a0 Drodzy Pa\u0144stwo, \u00a0 Zachowanie prywatno\u015bci przez naszych Klient\u00f3w to dla nas priorytet, dlatego przygotowali\u015bmy dla Pa\u0144stwa niniejsz\u0105 [&hellip;]<\/p>\n","protected":false},"author":1,"featured_media":0,"parent":0,"menu_order":0,"comment_status":"closed","ping_status":"open","template":"","meta":{"_monsterinsights_skip_tracking":false,"_monsterinsights_sitenote_active":false,"_monsterinsights_sitenote_note":"","_monsterinsights_sitenote_category":0,"site-sidebar-layout":"default","site-content-layout":"","ast-site-content-layout":"","site-content-style":"default","site-sidebar-style":"default","ast-global-header-display":"","ast-banner-title-visibility":"","ast-main-header-display":"","ast-hfb-above-header-display":"","ast-hfb-below-header-display":"","ast-hfb-mobile-header-display":"","site-post-title":"","ast-breadcrumbs-content":"","ast-featured-img":"","footer-sml-layout":"","theme-transparent-header-meta":"","adv-header-id-meta":"","stick-header-meta":"","header-above-stick-meta":"","header-main-stick-meta":"","header-below-stick-meta":"","astra-migrate-meta-layouts":"default","ast-page-background-enabled":"default","ast-page-background-meta":{"desktop":{"background-color":"var(--ast-global-color-5)","background-image":"","background-repeat":"repeat","background-position":"center center","background-size":"auto","background-attachment":"scroll","background-type":"","background-media":"","overlay-type":"","overlay-color":"","overlay-opacity":"","overlay-gradient":""},"tablet":{"background-color":"","background-image":"","background-repeat":"repeat","background-position":"center center","background-size":"auto","background-attachment":"scroll","background-type":"","background-media":"","overlay-type":"","overlay-color":"","overlay-opacity":"","overlay-gradient":""},"mobile":{"background-color":"","background-image":"","background-repeat":"repeat","background-position":"center center","background-size":"auto","background-attachment":"scroll","background-type":"","background-media":"","overlay-type":"","overlay-color":"","overlay-opacity":"","overlay-gradient":""}},"ast-content-background-meta":{"desktop":{"background-color":"var(--ast-global-color-4)","background-image":"","background-repeat":"repeat","background-position":"center center","background-size":"auto","background-attachment":"scroll","background-type":"","background-media":"","overlay-type":"","overlay-color":"","overlay-opacity":"","overlay-gradient":""},"tablet":{"background-color":"var(--ast-global-color-4)","background-image":"","background-repeat":"repeat","background-position":"center center","background-size":"auto","background-attachment":"scroll","background-type":"","background-media":"","overlay-type":"","overlay-color":"","overlay-opacity":"","overlay-gradient":""},"mobile":{"background-color":"var(--ast-global-color-4)","background-image":"","background-repeat":"repeat","background-position":"center center","background-size":"auto","background-attachment":"scroll","background-type":"","background-media":"","overlay-type":"","overlay-color":"","overlay-opacity":"","overlay-gradient":""}},"footnotes":""},"class_list":["post-3","page","type-page","status-publish","hentry"],"aioseo_notices":[],"_links":{"self":[{"href":"https:\/\/melodybags.com\/en\/wp-json\/wp\/v2\/pages\/3","targetHints":{"allow":["GET"]}}],"collection":[{"href":"https:\/\/melodybags.com\/en\/wp-json\/wp\/v2\/pages"}],"about":[{"href":"https:\/\/melodybags.com\/en\/wp-json\/wp\/v2\/types\/page"}],"author":[{"embeddable":true,"href":"https:\/\/melodybags.com\/en\/wp-json\/wp\/v2\/users\/1"}],"replies":[{"embeddable":true,"href":"https:\/\/melodybags.com\/en\/wp-json\/wp\/v2\/comments?post=3"}],"version-history":[{"count":9,"href":"https:\/\/melodybags.com\/en\/wp-json\/wp\/v2\/pages\/3\/revisions"}],"predecessor-version":[{"id":2302,"href":"https:\/\/melodybags.com\/en\/wp-json\/wp\/v2\/pages\/3\/revisions\/2302"}],"wp:attachment":[{"href":"https:\/\/melodybags.com\/en\/wp-json\/wp\/v2\/media?parent=3"}],"curies":[{"name":"wp","href":"https:\/\/api.w.org\/{rel}","templated":true}]}}