{"id":1797,"date":"2023-07-10T20:15:00","date_gmt":"2023-07-10T18:15:00","guid":{"rendered":"https:\/\/melodybags.com\/?post_type=product&#038;p=1797"},"modified":"2025-02-01T13:41:57","modified_gmt":"2025-02-01T12:41:57","slug":"nerka","status":"publish","type":"product","link":"https:\/\/melodybags.com\/en\/product\/nerka\/","title":{"rendered":"BAG\/BACKPACK  BELLA"},"content":{"rendered":"<p>Introducing the Bag\/Backpack, designed specifically to hold at least four flutes. It features two special pockets inside for flutes and is made of waterproof, durable material that resembles leather. \nThe best part is its versatility - you can use it as either a shoulder bag or a backpack. If you've been dreaming of owning Melody Bags' 'Bella,' be sure to get in touch with us.\nWe believe the name 'Bella' perfectly embodies its charm.\n\nProduct information: \n-Size:\n-Gender : Unisex\n-Outside pockets: 2 zipped\n-Inside pockets: 3\n-Waterproof design<br \/>\nNajlepsz\u0105 cech\u0105 tego plecaka jest jego wszechstronno\u015b\u0107 &#8211; mo\u017cna go u\u017cywa\u0107 zar\u00f3wno jako torby na rami\u0119, jak i plecaka. Je\u015bli marzysz o posiadaniu plecaka &#8222;Bella&#8221; od Melody Bags, koniecznie skontaktuj si\u0119 z nami.<br \/>\nUwa\u017camy, \u017ce nazwa &#8222;Bella&#8221; doskonale oddaje jego urok!<br \/>\nDimensions:<br \/>\nDIMENSIONS:\nINTERNAL POCKETS: 2 SLIP POCKETS, 1 ZIPPED POCKET<br \/>\nEXTERNAL POCKETS: 2 ZIPPERED POCKETS\nFITS A4 SIZE: YES\nINTERIOR: WATERPROOF STRONG POLYESTER\nBAG INSULATED WITH 0.5 CM THICK FOAM\n\nIT CAN BE MADE FROM ANY TYPE OF MATERIAL.<br \/>\n.<br \/>\nBAG INSULATED WITH 0.5 CM THICK FOAM<\/p>\n<p>Mo\u017cliwo\u015b\u0107 personalizacji torby wybranym haftem.<\/p>","protected":false},"excerpt":{"rendered":"<p>Multi-functional<\/p>\n<p>&nbsp;<\/p>\n<p><a href=\"#tab-description\">Show full description.<\/a><\/p>\n<p>&nbsp;<\/p>","protected":false},"featured_media":2085,"template":"","meta":{"_monsterinsights_skip_tracking":false,"_monsterinsights_sitenote_active":false,"_monsterinsights_sitenote_note":"","_monsterinsights_sitenote_category":0,"site-sidebar-layout":"default","site-content-layout":"","ast-site-content-layout":"default","site-content-style":"default","site-sidebar-style":"default","ast-global-header-display":"","ast-banner-title-visibility":"","ast-main-header-display":"","ast-hfb-above-header-display":"","ast-hfb-below-header-display":"","ast-hfb-mobile-header-display":"","site-post-title":"","ast-breadcrumbs-content":"","ast-featured-img":"","footer-sml-layout":"","theme-transparent-header-meta":"default","adv-header-id-meta":"","stick-header-meta":"","header-above-stick-meta":"","header-main-stick-meta":"","header-below-stick-meta":"","astra-migrate-meta-layouts":"set","ast-page-background-enabled":"default","ast-page-background-meta":{"desktop":{"background-color":"var(--ast-global-color-5)","background-image":"","background-repeat":"repeat","background-position":"center center","background-size":"auto","background-attachment":"scroll","background-type":"","background-media":"","overlay-type":"","overlay-color":"","overlay-opacity":"","overlay-gradient":""},"tablet":{"background-color":"","background-image":"","background-repeat":"repeat","background-position":"center center","background-size":"auto","background-attachment":"scroll","background-type":"","background-media":"","overlay-type":"","overlay-color":"","overlay-opacity":"","overlay-gradient":""},"mobile":{"background-color":"","background-image":"","background-repeat":"repeat","background-position":"center center","background-size":"auto","background-attachment":"scroll","background-type":"","background-media":"","overlay-type":"","overlay-color":"","overlay-opacity":"","overlay-gradient":""}},"ast-content-background-meta":{"desktop":{"background-color":"var(--ast-global-color-4)","background-image":"","background-repeat":"repeat","background-position":"center center","background-size":"auto","background-attachment":"scroll","background-type":"","background-media":"","overlay-type":"","overlay-color":"","overlay-opacity":"","overlay-gradient":""},"tablet":{"background-color":"var(--ast-global-color-4)","background-image":"","background-repeat":"repeat","background-position":"center center","background-size":"auto","background-attachment":"scroll","background-type":"","background-media":"","overlay-type":"","overlay-color":"","overlay-opacity":"","overlay-gradient":""},"mobile":{"background-color":"var(--ast-global-color-4)","background-image":"","background-repeat":"repeat","background-position":"center center","background-size":"auto","background-attachment":"scroll","background-type":"","background-media":"","overlay-type":"","overlay-color":"","overlay-opacity":"","overlay-gradient":""}}},"product_brand":[],"product_cat":[52],"product_tag":[],"class_list":{"0":"post-1797","1":"product","2":"type-product","3":"status-publish","4":"has-post-thumbnail","6":"product_cat-bags","7":"desktop-align-left","8":"tablet-align-left","9":"mobile-align-left","11":"first","12":"onbackorder","13":"featured","14":"taxable","15":"shipping-taxable","16":"purchasable","17":"product-type-simple"},"aioseo_notices":[],"_links":{"self":[{"href":"https:\/\/melodybags.com\/en\/wp-json\/wp\/v2\/product\/1797","targetHints":{"allow":["GET"]}}],"collection":[{"href":"https:\/\/melodybags.com\/en\/wp-json\/wp\/v2\/product"}],"about":[{"href":"https:\/\/melodybags.com\/en\/wp-json\/wp\/v2\/types\/product"}],"wp:featuredmedia":[{"embeddable":true,"href":"https:\/\/melodybags.com\/en\/wp-json\/wp\/v2\/media\/2085"}],"wp:attachment":[{"href":"https:\/\/melodybags.com\/en\/wp-json\/wp\/v2\/media?parent=1797"}],"wp:term":[{"taxonomy":"product_brand","embeddable":true,"href":"https:\/\/melodybags.com\/en\/wp-json\/wp\/v2\/product_brand?post=1797"},{"taxonomy":"product_cat","embeddable":true,"href":"https:\/\/melodybags.com\/en\/wp-json\/wp\/v2\/product_cat?post=1797"},{"taxonomy":"product_tag","embeddable":true,"href":"https:\/\/melodybags.com\/en\/wp-json\/wp\/v2\/product_tag?post=1797"}],"curies":[{"name":"wp","href":"https:\/\/api.w.org\/{rel}","templated":true}]}}