{"id":2703,"date":"2025-03-24T11:53:28","date_gmt":"2025-03-24T10:53:28","guid":{"rendered":"https:\/\/melodybags.com\/?post_type=product&#038;p=2703"},"modified":"2025-08-17T20:46:17","modified_gmt":"2025-08-17T18:46:17","slug":"torebka-saszetka-11","status":"publish","type":"product","link":"https:\/\/melodybags.com\/en\/product\/torebka-saszetka-11\/","title":{"rendered":"Bag"},"content":{"rendered":"<p>Torebka-saszetka to bardzo wygodna alternatywa dla tradycyjnej torebki. Bardzo uniwersalna, \u015bwietnie si\u0119 sprawdzi zar\u00f3wno na spacerze do sportowego stroju, jak i dodatek do eleganckiej sukienki. Ma bardzo zgrabn\u0105 form\u0119, ale wbrew pozorom wiele w \u015brodku pomie\u015bci. Posiada regulowany pasek.<\/p>\n<p>Uszyta z weluru tapicerskiego (mi\u0142ego, a zarazem bardzo wytrzyma\u0142ego i odpornego na \u015bcieranie materia\u0142u), usztywniona piank\u0105, a podszewka uszyta jest z wodoodpornego poliestru.<br \/>\nW \u015brodku ma dwie wygodne kieszonki i dodatkowo portfelik na karabi\u0144czyku.<\/p>","protected":false},"excerpt":{"rendered":"<p>This bag is very versatile, great both for a walk to sports outfit, as well as an addition to the elegant dress.<\/p>\n<p>&nbsp;<\/p>\n<p><a href=\"#tab-description\">Show full description.<\/a><\/p>\n<p>&nbsp;<\/p>","protected":false},"featured_media":2704,"template":"","meta":{"_monsterinsights_skip_tracking":false,"_monsterinsights_sitenote_active":false,"_monsterinsights_sitenote_note":"","_monsterinsights_sitenote_category":0,"site-sidebar-layout":"default","site-content-layout":"","ast-site-content-layout":"default","site-content-style":"default","site-sidebar-style":"default","ast-global-header-display":"","ast-banner-title-visibility":"","ast-main-header-display":"","ast-hfb-above-header-display":"","ast-hfb-below-header-display":"","ast-hfb-mobile-header-display":"","site-post-title":"","ast-breadcrumbs-content":"","ast-featured-img":"","footer-sml-layout":"","ast-disable-related-posts":"","theme-transparent-header-meta":"default","adv-header-id-meta":"","stick-header-meta":"","header-above-stick-meta":"","header-main-stick-meta":"","header-below-stick-meta":"","astra-migrate-meta-layouts":"set","ast-page-background-enabled":"default","ast-page-background-meta":{"desktop":{"background-color":"var(--ast-global-color-5)","background-image":"","background-repeat":"repeat","background-position":"center center","background-size":"auto","background-attachment":"scroll","background-type":"","background-media":"","overlay-type":"","overlay-color":"","overlay-opacity":"","overlay-gradient":""},"tablet":{"background-color":"","background-image":"","background-repeat":"repeat","background-position":"center center","background-size":"auto","background-attachment":"scroll","background-type":"","background-media":"","overlay-type":"","overlay-color":"","overlay-opacity":"","overlay-gradient":""},"mobile":{"background-color":"","background-image":"","background-repeat":"repeat","background-position":"center center","background-size":"auto","background-attachment":"scroll","background-type":"","background-media":"","overlay-type":"","overlay-color":"","overlay-opacity":"","overlay-gradient":""}},"ast-content-background-meta":{"desktop":{"background-color":"var(--ast-global-color-4)","background-image":"","background-repeat":"repeat","background-position":"center center","background-size":"auto","background-attachment":"scroll","background-type":"","background-media":"","overlay-type":"","overlay-color":"","overlay-opacity":"","overlay-gradient":""},"tablet":{"background-color":"var(--ast-global-color-4)","background-image":"","background-repeat":"repeat","background-position":"center center","background-size":"auto","background-attachment":"scroll","background-type":"","background-media":"","overlay-type":"","overlay-color":"","overlay-opacity":"","overlay-gradient":""},"mobile":{"background-color":"var(--ast-global-color-4)","background-image":"","background-repeat":"repeat","background-position":"center center","background-size":"auto","background-attachment":"scroll","background-type":"","background-media":"","overlay-type":"","overlay-color":"","overlay-opacity":"","overlay-gradient":""}}},"product_brand":[],"product_cat":[52],"product_tag":[81],"class_list":{"0":"post-2703","1":"product","2":"type-product","3":"status-publish","4":"has-post-thumbnail","6":"product_cat-bags","7":"product_tag-od-reki","8":"desktop-align-left","9":"tablet-align-left","10":"mobile-align-left","12":"first","13":"instock","14":"sale","15":"featured","16":"sold-individually","17":"taxable","18":"shipping-taxable","19":"purchasable","20":"product-type-simple"},"aioseo_notices":[],"_links":{"self":[{"href":"https:\/\/melodybags.com\/en\/wp-json\/wp\/v2\/product\/2703","targetHints":{"allow":["GET"]}}],"collection":[{"href":"https:\/\/melodybags.com\/en\/wp-json\/wp\/v2\/product"}],"about":[{"href":"https:\/\/melodybags.com\/en\/wp-json\/wp\/v2\/types\/product"}],"wp:featuredmedia":[{"embeddable":true,"href":"https:\/\/melodybags.com\/en\/wp-json\/wp\/v2\/media\/2704"}],"wp:attachment":[{"href":"https:\/\/melodybags.com\/en\/wp-json\/wp\/v2\/media?parent=2703"}],"wp:term":[{"taxonomy":"product_brand","embeddable":true,"href":"https:\/\/melodybags.com\/en\/wp-json\/wp\/v2\/product_brand?post=2703"},{"taxonomy":"product_cat","embeddable":true,"href":"https:\/\/melodybags.com\/en\/wp-json\/wp\/v2\/product_cat?post=2703"},{"taxonomy":"product_tag","embeddable":true,"href":"https:\/\/melodybags.com\/en\/wp-json\/wp\/v2\/product_tag?post=2703"}],"curies":[{"name":"wp","href":"https:\/\/api.w.org\/{rel}","templated":true}]}}