{"id":2899,"date":"2025-07-27T15:27:49","date_gmt":"2025-07-27T13:27:49","guid":{"rendered":"https:\/\/melodybags.com\/?post_type=product&#038;p=2899"},"modified":"2025-08-17T20:31:58","modified_gmt":"2025-08-17T18:31:58","slug":"saszetka-unisex-2","status":"publish","type":"product","link":"https:\/\/melodybags.com\/en\/product\/saszetka-unisex-2\/","title":{"rendered":"Saszetka unisex"},"content":{"rendered":"<p>Bardzo wygodna, pojemna saszetka. Super i dla kobiet i dla m\u0119\u017cczyzn:)<br \/>\nUszyta z tapicerskiego, bardzo mocnego, odpornego na \u015bcieranie materia\u0142u tapicerskiego. Podszewka nieprzemakalna.<br \/>\nW \u015brodku dwie kieszonki oraz portfel na karabi\u0144czyku, na zewn\u0119trznej tylnej \u015bciance dodatkowa kiesze\u0144 na zamek. Pasek regulowany 150cm.<br \/>\nWymiary: szeroko\u015b\u0107 28cm, d\u0142ugo\u015b\u0107 18cm, g\u0142\u0119boko\u015b\u0107 8cm<\/p>","protected":false},"excerpt":{"rendered":"<p>This bag is very versatile, great both for a walk to sports outfit, as well as an addition to the elegant dress.<\/p>\n<p>&nbsp;<\/p>\n<p><a href=\"#tab-description\">Show full description.<\/a><\/p>\n<p>&nbsp;<\/p>","protected":false},"featured_media":2890,"template":"","meta":{"_monsterinsights_skip_tracking":false,"_monsterinsights_sitenote_active":false,"_monsterinsights_sitenote_note":"","_monsterinsights_sitenote_category":0,"site-sidebar-layout":"default","site-content-layout":"","ast-site-content-layout":"default","site-content-style":"default","site-sidebar-style":"default","ast-global-header-display":"","ast-banner-title-visibility":"","ast-main-header-display":"","ast-hfb-above-header-display":"","ast-hfb-below-header-display":"","ast-hfb-mobile-header-display":"","site-post-title":"","ast-breadcrumbs-content":"","ast-featured-img":"","footer-sml-layout":"","theme-transparent-header-meta":"default","adv-header-id-meta":"","stick-header-meta":"","header-above-stick-meta":"","header-main-stick-meta":"","header-below-stick-meta":"","astra-migrate-meta-layouts":"set","ast-page-background-enabled":"default","ast-page-background-meta":{"desktop":{"background-color":"var(--ast-global-color-5)","background-image":"","background-repeat":"repeat","background-position":"center center","background-size":"auto","background-attachment":"scroll","background-type":"","background-media":"","overlay-type":"","overlay-color":"","overlay-opacity":"","overlay-gradient":""},"tablet":{"background-color":"","background-image":"","background-repeat":"repeat","background-position":"center center","background-size":"auto","background-attachment":"scroll","background-type":"","background-media":"","overlay-type":"","overlay-color":"","overlay-opacity":"","overlay-gradient":""},"mobile":{"background-color":"","background-image":"","background-repeat":"repeat","background-position":"center center","background-size":"auto","background-attachment":"scroll","background-type":"","background-media":"","overlay-type":"","overlay-color":"","overlay-opacity":"","overlay-gradient":""}},"ast-content-background-meta":{"desktop":{"background-color":"var(--ast-global-color-4)","background-image":"","background-repeat":"repeat","background-position":"center center","background-size":"auto","background-attachment":"scroll","background-type":"","background-media":"","overlay-type":"","overlay-color":"","overlay-opacity":"","overlay-gradient":""},"tablet":{"background-color":"var(--ast-global-color-4)","background-image":"","background-repeat":"repeat","background-position":"center center","background-size":"auto","background-attachment":"scroll","background-type":"","background-media":"","overlay-type":"","overlay-color":"","overlay-opacity":"","overlay-gradient":""},"mobile":{"background-color":"var(--ast-global-color-4)","background-image":"","background-repeat":"repeat","background-position":"center center","background-size":"auto","background-attachment":"scroll","background-type":"","background-media":"","overlay-type":"","overlay-color":"","overlay-opacity":"","overlay-gradient":""}}},"product_brand":[],"product_cat":[52],"product_tag":[81],"class_list":{"0":"post-2899","1":"product","2":"type-product","3":"status-publish","4":"has-post-thumbnail","6":"product_cat-bags","7":"product_tag-od-reki","8":"desktop-align-left","9":"tablet-align-left","10":"mobile-align-left","12":"first","13":"instock","14":"sale","15":"featured","16":"sold-individually","17":"taxable","18":"shipping-taxable","19":"purchasable","20":"product-type-simple"},"aioseo_notices":[],"_links":{"self":[{"href":"https:\/\/melodybags.com\/en\/wp-json\/wp\/v2\/product\/2899","targetHints":{"allow":["GET"]}}],"collection":[{"href":"https:\/\/melodybags.com\/en\/wp-json\/wp\/v2\/product"}],"about":[{"href":"https:\/\/melodybags.com\/en\/wp-json\/wp\/v2\/types\/product"}],"wp:featuredmedia":[{"embeddable":true,"href":"https:\/\/melodybags.com\/en\/wp-json\/wp\/v2\/media\/2890"}],"wp:attachment":[{"href":"https:\/\/melodybags.com\/en\/wp-json\/wp\/v2\/media?parent=2899"}],"wp:term":[{"taxonomy":"product_brand","embeddable":true,"href":"https:\/\/melodybags.com\/en\/wp-json\/wp\/v2\/product_brand?post=2899"},{"taxonomy":"product_cat","embeddable":true,"href":"https:\/\/melodybags.com\/en\/wp-json\/wp\/v2\/product_cat?post=2899"},{"taxonomy":"product_tag","embeddable":true,"href":"https:\/\/melodybags.com\/en\/wp-json\/wp\/v2\/product_tag?post=2899"}],"curies":[{"name":"wp","href":"https:\/\/api.w.org\/{rel}","templated":true}]}}